{"id":2290,"date":"2026-02-04T16:17:57","date_gmt":"2026-02-04T15:17:57","guid":{"rendered":"https:\/\/www2.lavilla-lebourget.com\/galerie-en\/"},"modified":"2026-03-11T22:17:35","modified_gmt":"2026-03-11T21:17:35","slug":"gallery","status":"publish","type":"page","link":"https:\/\/www.lavilla-lebourget.com\/en\/gallery\/","title":{"rendered":"Gallery"},"content":{"rendered":"\t\t<div data-elementor-type=\"wp-page\" data-elementor-id=\"2290\" class=\"elementor elementor-2290 elementor-2065\" data-elementor-post-type=\"page\">\n\t\t\t\t<div data-dce-background-overlay-color=\"#02010100\" data-dce-background-image-url=\"https:\/\/www.lavilla-lebourget.com\/wp-content\/uploads\/2026\/02\/Menu-Popup-La-Villa-Le-Bourget-1.webp\" class=\"elementor-element elementor-element-208714fe e-con-full e-flex e-con e-parent\" data-id=\"208714fe\" data-element_type=\"container\" data-e-type=\"container\" data-settings=\"{&quot;background_background&quot;:&quot;classic&quot;}\">\n\t\t\t\t<div data-dce-title-color=\"#FFFFFF\" class=\"elementor-element elementor-element-71fe1c89 elementor-widget elementor-widget-heading\" data-id=\"71fe1c89\" data-element_type=\"widget\" data-e-type=\"widget\" data-widget_type=\"heading.default\">\n\t\t\t\t\t<span class=\"elementor-heading-title elementor-size-default\">Gallery<\/span>\t\t\t\t<\/div>\n\t\t\t\t<\/div>\n\t\t<div class=\"elementor-element elementor-element-8775e0c e-flex e-con-boxed e-con e-parent\" data-id=\"8775e0c\" data-element_type=\"container\" data-e-type=\"container\" data-settings=\"{&quot;background_background&quot;:&quot;classic&quot;}\">\n\t\t\t\t\t<div class=\"e-con-inner\">\n\t\t\t\t<div class=\"elementor-element elementor-element-75d2c695 elementor-widget elementor-widget-heading\" data-id=\"75d2c695\" data-element_type=\"widget\" data-e-type=\"widget\" data-widget_type=\"heading.default\">\n\t\t\t\t\t<h1 class=\"elementor-heading-title elementor-size-default\">Photo Gallery - La Villa Le Bourget<\/h1>\t\t\t\t<\/div>\n\t\t\t\t<div class=\"elementor-element elementor-element-a7f4e75 elementor-widget elementor-widget-gallery\" data-id=\"a7f4e75\" data-element_type=\"widget\" data-e-type=\"widget\" data-settings=\"{&quot;gallery_layout&quot;:&quot;masonry&quot;,&quot;columns&quot;:3,&quot;columns_laptop&quot;:3,&quot;lazyload&quot;:&quot;yes&quot;,&quot;columns_tablet&quot;:2,&quot;columns_mobile&quot;:1,&quot;gap&quot;:{&quot;unit&quot;:&quot;px&quot;,&quot;size&quot;:10,&quot;sizes&quot;:[]},&quot;gap_widescreen&quot;:{&quot;unit&quot;:&quot;px&quot;,&quot;size&quot;:&quot;&quot;,&quot;sizes&quot;:[]},&quot;gap_laptop&quot;:{&quot;unit&quot;:&quot;px&quot;,&quot;size&quot;:10,&quot;sizes&quot;:[]},&quot;gap_tablet&quot;:{&quot;unit&quot;:&quot;px&quot;,&quot;size&quot;:10,&quot;sizes&quot;:[]},&quot;gap_mobile&quot;:{&quot;unit&quot;:&quot;px&quot;,&quot;size&quot;:10,&quot;sizes&quot;:[]},&quot;link_to&quot;:&quot;file&quot;,&quot;overlay_background&quot;:&quot;yes&quot;,&quot;content_hover_animation&quot;:&quot;fade-in&quot;}\" data-widget_type=\"gallery.default\">\n\t\t\t\t\t\t\t<div class=\"elementor-gallery__container\">\n\t\t\t\t\t\t\t<a class=\"e-gallery-item elementor-gallery-item elementor-animated-content\" href=\"https:\/\/www.lavilla-lebourget.com\/wp-content\/uploads\/2026\/02\/Cour-interieure-paysagee-Residence-La-Villa-Le-Bourget.webp\" data-elementor-open-lightbox=\"yes\" data-elementor-lightbox-slideshow=\"a7f4e75\" data-elementor-lightbox-title=\"Cour int\u00e9rieure paysag\u00e9e - R\u00e9sidence La Villa Le Bourget\" data-elementor-lightbox-description=\"Cour int\u00e9rieure paysag\u00e9e de La Villa Le Bourget, appart h\u00f4tel 3 \u00e9toiles proposant un environnement calme et v\u00e9g\u00e9talis\u00e9 \u00e0 proximit\u00e9 de l a\u00e9roport Paris Le Bourget et du Parc des Expositions de Villepinte.\" data-e-action-hash=\"#elementor-action%3Aaction%3Dlightbox%26settings%3DeyJpZCI6MjMzMCwidXJsIjoiaHR0cHM6XC9cL3d3dy5sYXZpbGxhLWxlYm91cmdldC5jb21cL3dwLWNvbnRlbnRcL3VwbG9hZHNcLzIwMjZcLzAyXC9Db3VyLWludGVyaWV1cmUtcGF5c2FnZWUtUmVzaWRlbmNlLUxhLVZpbGxhLUxlLUJvdXJnZXQud2VicCIsInNsaWRlc2hvdyI6ImE3ZjRlNzUifQ%3D%3D\">\n\t\t\t\t\t<div class=\"e-gallery-image elementor-gallery-item__image\" data-thumbnail=\"https:\/\/www.lavilla-lebourget.com\/wp-content\/uploads\/2026\/02\/Cour-interieure-paysagee-Residence-La-Villa-Le-Bourget.webp\" data-width=\"1920\" data-height=\"1280\" aria-label=\"Cour int\u00e9rieure avec jardini\u00e8res et acc\u00e8s aux appartements\" role=\"img\" ><\/div>\n\t\t\t\t\t\t\t\t\t\t\t<div class=\"elementor-gallery-item__overlay\"><\/div>\n\t\t\t\t\t\t\t\t\t\t\t\t\t\t<\/a>\n\t\t\t\t\t\t\t<a class=\"e-gallery-item elementor-gallery-item elementor-animated-content\" href=\"https:\/\/www.lavilla-lebourget.com\/wp-content\/uploads\/2026\/02\/Studio-avec-kitchenette-Appart-Hotel-La-Villa-Le-Bourget.webp\" data-elementor-open-lightbox=\"yes\" data-elementor-lightbox-slideshow=\"a7f4e75\" data-elementor-lightbox-title=\"Studio avec kitchenette - Appart H\u00f4tel La Villa Le Bourget\" data-elementor-lightbox-description=\"Studio fonctionnel de La Villa Le Bourget avec kitchenette \u00e9quip\u00e9e, bureau et prestations adapt\u00e9es aux s\u00e9jours d affaires ou longue dur\u00e9e au c\u0153ur du Bourget.\" data-e-action-hash=\"#elementor-action%3Aaction%3Dlightbox%26settings%3DeyJpZCI6MjMyNywidXJsIjoiaHR0cHM6XC9cL3d3dy5sYXZpbGxhLWxlYm91cmdldC5jb21cL3dwLWNvbnRlbnRcL3VwbG9hZHNcLzIwMjZcLzAyXC9TdHVkaW8tYXZlYy1raXRjaGVuZXR0ZS1BcHBhcnQtSG90ZWwtTGEtVmlsbGEtTGUtQm91cmdldC53ZWJwIiwic2xpZGVzaG93IjoiYTdmNGU3NSJ9\">\n\t\t\t\t\t<div class=\"e-gallery-image elementor-gallery-item__image\" data-thumbnail=\"https:\/\/www.lavilla-lebourget.com\/wp-content\/uploads\/2026\/02\/Studio-avec-kitchenette-Appart-Hotel-La-Villa-Le-Bourget.webp\" data-width=\"1920\" data-height=\"1280\" aria-label=\"Studio avec kitchenette, r\u00e9frig\u00e9rateur, plaques et espace bureau\" role=\"img\" ><\/div>\n\t\t\t\t\t\t\t\t\t\t\t<div class=\"elementor-gallery-item__overlay\"><\/div>\n\t\t\t\t\t\t\t\t\t\t\t\t\t\t<\/a>\n\t\t\t\t\t\t\t<a class=\"e-gallery-item elementor-gallery-item elementor-animated-content\" href=\"https:\/\/www.lavilla-lebourget.com\/wp-content\/uploads\/2026\/02\/Chambre-Double-Superieure-La-Villa-Le-Bourget.webp\" data-elementor-open-lightbox=\"yes\" data-elementor-lightbox-slideshow=\"a7f4e75\" data-elementor-lightbox-title=\"Chambre Double Sup\u00e9rieure - La Villa Le Bourget\" data-elementor-lightbox-description=\"Chambre Double Sup\u00e9rieure \u00e9l\u00e9gante et lumineuse \u00e0 La Villa Le Bourget, parfaite pour un s\u00e9jour professionnel ou touristique pr\u00e8s de l a\u00e9roport Paris Le Bourget.\" data-e-action-hash=\"#elementor-action%3Aaction%3Dlightbox%26settings%3DeyJpZCI6MjMyNSwidXJsIjoiaHR0cHM6XC9cL3d3dy5sYXZpbGxhLWxlYm91cmdldC5jb21cL3dwLWNvbnRlbnRcL3VwbG9hZHNcLzIwMjZcLzAyXC9DaGFtYnJlLURvdWJsZS1TdXBlcmlldXJlLUxhLVZpbGxhLUxlLUJvdXJnZXQud2VicCIsInNsaWRlc2hvdyI6ImE3ZjRlNzUifQ%3D%3D\">\n\t\t\t\t\t<div class=\"e-gallery-image elementor-gallery-item__image\" data-thumbnail=\"https:\/\/www.lavilla-lebourget.com\/wp-content\/uploads\/2026\/02\/Chambre-Double-Superieure-La-Villa-Le-Bourget.webp\" data-width=\"1920\" data-height=\"1280\" aria-label=\"Chambre double avec lit confortable, bureau et rideaux clairs\" role=\"img\" ><\/div>\n\t\t\t\t\t\t\t\t\t\t\t<div class=\"elementor-gallery-item__overlay\"><\/div>\n\t\t\t\t\t\t\t\t\t\t\t\t\t\t<\/a>\n\t\t\t\t\t\t\t<a class=\"e-gallery-item elementor-gallery-item elementor-animated-content\" href=\"https:\/\/www.lavilla-lebourget.com\/wp-content\/uploads\/2026\/02\/Appartement-2-chambres-Deluxe-La-Villa-Le-Bourget.webp\" data-elementor-open-lightbox=\"yes\" data-elementor-lightbox-slideshow=\"a7f4e75\" data-elementor-lightbox-title=\"Appartement 2 chambres Deluxe - La Villa Le Bourget\" data-elementor-lightbox-description=\"Pi\u00e8ce de vie moderne de l&#039;appartement 2 chambres Deluxe \u00e0 La Villa Le Bourget, avec kitchenette \u00e9quip\u00e9e, espace repas et salon confortable pour un s\u00e9jour en famille ou entre coll\u00e8gues.\" data-e-action-hash=\"#elementor-action%3Aaction%3Dlightbox%26settings%3DeyJpZCI6MjM1NywidXJsIjoiaHR0cHM6XC9cL3d3dy5sYXZpbGxhLWxlYm91cmdldC5jb21cL3dwLWNvbnRlbnRcL3VwbG9hZHNcLzIwMjZcLzAyXC9BcHBhcnRlbWVudC0yLWNoYW1icmVzLURlbHV4ZS1MYS1WaWxsYS1MZS1Cb3VyZ2V0LndlYnAiLCJzbGlkZXNob3ciOiJhN2Y0ZTc1In0%3D\">\n\t\t\t\t\t<div class=\"e-gallery-image elementor-gallery-item__image\" data-thumbnail=\"https:\/\/www.lavilla-lebourget.com\/wp-content\/uploads\/2026\/02\/Appartement-2-chambres-Deluxe-La-Villa-Le-Bourget.webp\" data-width=\"1920\" data-height=\"1280\" aria-label=\"Pi\u00e8ce de vie avec kitchenette \u00e9quip\u00e9e et salon dans un appartement 2 chambres\" role=\"img\" ><\/div>\n\t\t\t\t\t\t\t\t\t\t\t<div class=\"elementor-gallery-item__overlay\"><\/div>\n\t\t\t\t\t\t\t\t\t\t\t\t\t\t<\/a>\n\t\t\t\t\t\t\t<a class=\"e-gallery-item elementor-gallery-item elementor-animated-content\" href=\"https:\/\/www.lavilla-lebourget.com\/wp-content\/uploads\/2026\/02\/Appartement-1-chambre-Deluxe-La-Villa-Le-Bourget.webp\" data-elementor-open-lightbox=\"yes\" data-elementor-lightbox-slideshow=\"a7f4e75\" data-elementor-lightbox-title=\"Appartement 1 chambre Deluxe - La Villa Le Bourget\" data-elementor-lightbox-description=\"Appartement 1 chambre Deluxe a La Villa Le Bourget avec kitchenette equipee, bureau de travail et rangements, ideal pour un sejour prolonge au Bourget.\" data-e-action-hash=\"#elementor-action%3Aaction%3Dlightbox%26settings%3DeyJpZCI6MjM1NiwidXJsIjoiaHR0cHM6XC9cL3d3dy5sYXZpbGxhLWxlYm91cmdldC5jb21cL3dwLWNvbnRlbnRcL3VwbG9hZHNcLzIwMjZcLzAyXC9BcHBhcnRlbWVudC0xLWNoYW1icmUtRGVsdXhlLUxhLVZpbGxhLUxlLUJvdXJnZXQud2VicCIsInNsaWRlc2hvdyI6ImE3ZjRlNzUifQ%3D%3D\">\n\t\t\t\t\t<div class=\"e-gallery-image elementor-gallery-item__image\" data-thumbnail=\"https:\/\/www.lavilla-lebourget.com\/wp-content\/uploads\/2026\/02\/Appartement-1-chambre-Deluxe-La-Villa-Le-Bourget.webp\" data-width=\"1920\" data-height=\"1280\" aria-label=\"Kitchenette equipee avec bureau et rangements dans un appartement 1 chambre\" role=\"img\" ><\/div>\n\t\t\t\t\t\t\t\t\t\t\t<div class=\"elementor-gallery-item__overlay\"><\/div>\n\t\t\t\t\t\t\t\t\t\t\t\t\t\t<\/a>\n\t\t\t\t\t\t\t<a class=\"e-gallery-item elementor-gallery-item elementor-animated-content\" href=\"https:\/\/www.lavilla-lebourget.com\/wp-content\/uploads\/2026\/02\/Double-Deluxe-La-Villa-Le-Bourget.webp\" data-elementor-open-lightbox=\"yes\" data-elementor-lightbox-slideshow=\"a7f4e75\" data-elementor-lightbox-title=\"Chambre Double Deluxe lumineuse - La Villa Le Bourget\" data-elementor-lightbox-description=\"Chambre Double Deluxe \u00e9l\u00e9gante et lumineuse, dot\u00e9e d\u2019un lit confortable, d\u2019un coin bureau fonctionnel et d\u2019une d\u00e9coration aux tons naturels.\" data-e-action-hash=\"#elementor-action%3Aaction%3Dlightbox%26settings%3DeyJpZCI6MjM0OCwidXJsIjoiaHR0cHM6XC9cL3d3dy5sYXZpbGxhLWxlYm91cmdldC5jb21cL3dwLWNvbnRlbnRcL3VwbG9hZHNcLzIwMjZcLzAyXC9Eb3VibGUtRGVsdXhlLUxhLVZpbGxhLUxlLUJvdXJnZXQud2VicCIsInNsaWRlc2hvdyI6ImE3ZjRlNzUifQ%3D%3D\">\n\t\t\t\t\t<div class=\"e-gallery-image elementor-gallery-item__image\" data-thumbnail=\"https:\/\/www.lavilla-lebourget.com\/wp-content\/uploads\/2026\/02\/Double-Deluxe-La-Villa-Le-Bourget.webp\" data-width=\"1920\" data-height=\"1280\" aria-label=\"Chambre double lumineuse avec lit confortable et coin bureau\" role=\"img\" ><\/div>\n\t\t\t\t\t\t\t\t\t\t\t<div class=\"elementor-gallery-item__overlay\"><\/div>\n\t\t\t\t\t\t\t\t\t\t\t\t\t\t<\/a>\n\t\t\t\t\t\t\t<a class=\"e-gallery-item elementor-gallery-item elementor-animated-content\" href=\"https:\/\/www.lavilla-lebourget.com\/wp-content\/uploads\/2026\/02\/Appartement-1-chambre-Superieur-La-Villa-Le-Bourget.webp\" data-elementor-open-lightbox=\"yes\" data-elementor-lightbox-slideshow=\"a7f4e75\" data-elementor-lightbox-title=\"Appartement 1 chambre Sup\u00e9rieur - La Villa Le Bourget\" data-elementor-lightbox-description=\"Espace salon lumineux de l&#039;appartement 1 chambre Sup\u00e9rieur \u00e0 La Villa Le Bourget, avec canap\u00e9 en velours, bureau de travail et t\u00e9l\u00e9vision murale, id\u00e9al pour un s\u00e9jour confortable proche de Paris.\" data-e-action-hash=\"#elementor-action%3Aaction%3Dlightbox%26settings%3DeyJpZCI6MjM1NSwidXJsIjoiaHR0cHM6XC9cL3d3dy5sYXZpbGxhLWxlYm91cmdldC5jb21cL3dwLWNvbnRlbnRcL3VwbG9hZHNcLzIwMjZcLzAyXC9BcHBhcnRlbWVudC0xLWNoYW1icmUtU3VwZXJpZXVyLUxhLVZpbGxhLUxlLUJvdXJnZXQud2VicCIsInNsaWRlc2hvdyI6ImE3ZjRlNzUifQ%3D%3D\">\n\t\t\t\t\t<div class=\"e-gallery-image elementor-gallery-item__image\" data-thumbnail=\"https:\/\/www.lavilla-lebourget.com\/wp-content\/uploads\/2026\/02\/Appartement-1-chambre-Superieur-La-Villa-Le-Bourget.webp\" data-width=\"1920\" data-height=\"1280\" aria-label=\"Salon avec canap\u00e9 en velours, bureau et TV murale dans un appartement 1 chambre\" role=\"img\" ><\/div>\n\t\t\t\t\t\t\t\t\t\t\t<div class=\"elementor-gallery-item__overlay\"><\/div>\n\t\t\t\t\t\t\t\t\t\t\t\t\t\t<\/a>\n\t\t\t\t\t\t\t<a class=\"e-gallery-item elementor-gallery-item elementor-animated-content\" href=\"https:\/\/www.lavilla-lebourget.com\/wp-content\/uploads\/2026\/02\/Double-Superieure-La-Villa-Le-Bourget.webp\" data-elementor-open-lightbox=\"yes\" data-elementor-lightbox-slideshow=\"a7f4e75\" data-elementor-lightbox-title=\"Chambre Double Sup\u00e9rieure avec kitchenette - La Villa Le Bourget\" data-elementor-lightbox-description=\"Chambre Double Sup\u00e9rieure spacieuse avec kitchenette moderne, espace salon cosy et poutres apparentes, id\u00e9ale pour un s\u00e9jour confortable \u00e0 La Villa Le Bourget.\" data-e-action-hash=\"#elementor-action%3Aaction%3Dlightbox%26settings%3DeyJpZCI6MjM0NywidXJsIjoiaHR0cHM6XC9cL3d3dy5sYXZpbGxhLWxlYm91cmdldC5jb21cL3dwLWNvbnRlbnRcL3VwbG9hZHNcLzIwMjZcLzAyXC9Eb3VibGUtU3VwZXJpZXVyZS1MYS1WaWxsYS1MZS1Cb3VyZ2V0LndlYnAiLCJzbGlkZXNob3ciOiJhN2Y0ZTc1In0%3D\">\n\t\t\t\t\t<div class=\"e-gallery-image elementor-gallery-item__image\" data-thumbnail=\"https:\/\/www.lavilla-lebourget.com\/wp-content\/uploads\/2026\/02\/Double-Superieure-La-Villa-Le-Bourget.webp\" data-width=\"1920\" data-height=\"1280\" aria-label=\"Chambre double avec kitchenette \u00e9quip\u00e9e et espace salon\" role=\"img\" ><\/div>\n\t\t\t\t\t\t\t\t\t\t\t<div class=\"elementor-gallery-item__overlay\"><\/div>\n\t\t\t\t\t\t\t\t\t\t\t\t\t\t<\/a>\n\t\t\t\t\t\t\t<a class=\"e-gallery-item elementor-gallery-item elementor-animated-content\" href=\"https:\/\/www.lavilla-lebourget.com\/wp-content\/uploads\/2026\/02\/Single-Deluxe-La-Villa-Le-Bourget.webp\" data-elementor-open-lightbox=\"yes\" data-elementor-lightbox-slideshow=\"a7f4e75\" data-elementor-lightbox-title=\"Chambre Single Deluxe confortable - La Villa Le Bourget\" data-elementor-lightbox-description=\"Chambre Single Deluxe accueillante avec lit double, \u00e9clairage chaleureux et espace repas, pens\u00e9e pour un s\u00e9jour seul tout en confort.\" data-e-action-hash=\"#elementor-action%3Aaction%3Dlightbox%26settings%3DeyJpZCI6MjM0NiwidXJsIjoiaHR0cHM6XC9cL3d3dy5sYXZpbGxhLWxlYm91cmdldC5jb21cL3dwLWNvbnRlbnRcL3VwbG9hZHNcLzIwMjZcLzAyXC9TaW5nbGUtRGVsdXhlLUxhLVZpbGxhLUxlLUJvdXJnZXQud2VicCIsInNsaWRlc2hvdyI6ImE3ZjRlNzUifQ%3D%3D\">\n\t\t\t\t\t<div class=\"e-gallery-image elementor-gallery-item__image\" data-thumbnail=\"https:\/\/www.lavilla-lebourget.com\/wp-content\/uploads\/2026\/02\/Single-Deluxe-La-Villa-Le-Bourget.webp\" data-width=\"1920\" data-height=\"1280\" aria-label=\"Chambre single avec lit double, \u00e9clairage chaleureux et table\" role=\"img\" ><\/div>\n\t\t\t\t\t\t\t\t\t\t\t<div class=\"elementor-gallery-item__overlay\"><\/div>\n\t\t\t\t\t\t\t\t\t\t\t\t\t\t<\/a>\n\t\t\t\t\t\t\t<a class=\"e-gallery-item elementor-gallery-item elementor-animated-content\" href=\"https:\/\/www.lavilla-lebourget.com\/wp-content\/uploads\/2026\/02\/Le-confort-dun-sejour-La-Villa-Le-Bourget.webp\" data-elementor-open-lightbox=\"yes\" data-elementor-lightbox-slideshow=\"a7f4e75\" data-elementor-lightbox-title=\"Le confort d&#039;un s\u00e9jour - La Villa Le Bourget\" data-elementor-lightbox-description=\"Salon cosy et fonctionnel avec canape confortable, espace de travail et television, ideal pour un sejour detente a La Villa Le Bourget.\" data-e-action-hash=\"#elementor-action%3Aaction%3Dlightbox%26settings%3DeyJpZCI6MTgyNSwidXJsIjoiaHR0cHM6XC9cL3d3dy5sYXZpbGxhLWxlYm91cmdldC5jb21cL3dwLWNvbnRlbnRcL3VwbG9hZHNcLzIwMjZcLzAyXC9MZS1jb25mb3J0LWR1bi1zZWpvdXItTGEtVmlsbGEtTGUtQm91cmdldC53ZWJwIiwic2xpZGVzaG93IjoiYTdmNGU3NSJ9\">\n\t\t\t\t\t<div class=\"e-gallery-image elementor-gallery-item__image\" data-thumbnail=\"https:\/\/www.lavilla-lebourget.com\/wp-content\/uploads\/2026\/02\/Le-confort-dun-sejour-La-Villa-Le-Bourget.webp\" data-width=\"1920\" data-height=\"1280\" aria-label=\"Salon cosy avec canape vert, table basse et television murale\" role=\"img\" ><\/div>\n\t\t\t\t\t\t\t\t\t\t\t<div class=\"elementor-gallery-item__overlay\"><\/div>\n\t\t\t\t\t\t\t\t\t\t\t\t\t\t<\/a>\n\t\t\t\t\t\t\t<a class=\"e-gallery-item elementor-gallery-item elementor-animated-content\" href=\"https:\/\/www.lavilla-lebourget.com\/wp-content\/uploads\/2026\/02\/Services-pour-les-sejours-daffaires-La-Villa-Le-Bourget.webp\" data-elementor-open-lightbox=\"yes\" data-elementor-lightbox-slideshow=\"a7f4e75\" data-elementor-lightbox-title=\"Services pour les s\u00e9jours d&#039;affaires - La Villa Le Bourget\" data-elementor-lightbox-description=\"Coin bureau pratique et elegant a proximite de la chambre, pense pour les sejours d affaires et le travail a distance.\" data-e-action-hash=\"#elementor-action%3Aaction%3Dlightbox%26settings%3DeyJpZCI6MjQwMSwidXJsIjoiaHR0cHM6XC9cL3d3dy5sYXZpbGxhLWxlYm91cmdldC5jb21cL3dwLWNvbnRlbnRcL3VwbG9hZHNcLzIwMjZcLzAyXC9TZXJ2aWNlcy1wb3VyLWxlcy1zZWpvdXJzLWRhZmZhaXJlcy1MYS1WaWxsYS1MZS1Cb3VyZ2V0LndlYnAiLCJzbGlkZXNob3ciOiJhN2Y0ZTc1In0%3D\">\n\t\t\t\t\t<div class=\"e-gallery-image elementor-gallery-item__image\" data-thumbnail=\"https:\/\/www.lavilla-lebourget.com\/wp-content\/uploads\/2026\/02\/Services-pour-les-sejours-daffaires-La-Villa-Le-Bourget.webp\" data-width=\"1280\" data-height=\"1920\" aria-label=\"Bureau en bois avec chaise et fleurs pres d une chambre\" role=\"img\" ><\/div>\n\t\t\t\t\t\t\t\t\t\t\t<div class=\"elementor-gallery-item__overlay\"><\/div>\n\t\t\t\t\t\t\t\t\t\t\t\t\t\t<\/a>\n\t\t\t\t\t\t\t<a class=\"e-gallery-item elementor-gallery-item elementor-animated-content\" href=\"https:\/\/www.lavilla-lebourget.com\/wp-content\/uploads\/2026\/02\/Services-pour-les-familles-La-Villa-Le-Bourget.webp\" data-elementor-open-lightbox=\"yes\" data-elementor-lightbox-slideshow=\"a7f4e75\" data-elementor-lightbox-title=\"Services pour les familles - La Villa Le Bourget\" data-elementor-lightbox-description=\"Chambre familiale aux tons naturels avec deux lits jumeaux, \u00e9clairage mural et poutres apparentes, ideale pour un sejour confortable en famille.\" data-e-action-hash=\"#elementor-action%3Aaction%3Dlightbox%26settings%3DeyJpZCI6MjQwMCwidXJsIjoiaHR0cHM6XC9cL3d3dy5sYXZpbGxhLWxlYm91cmdldC5jb21cL3dwLWNvbnRlbnRcL3VwbG9hZHNcLzIwMjZcLzAyXC9TZXJ2aWNlcy1wb3VyLWxlcy1mYW1pbGxlcy1MYS1WaWxsYS1MZS1Cb3VyZ2V0LndlYnAiLCJzbGlkZXNob3ciOiJhN2Y0ZTc1In0%3D\">\n\t\t\t\t\t<div class=\"e-gallery-image elementor-gallery-item__image\" data-thumbnail=\"https:\/\/www.lavilla-lebourget.com\/wp-content\/uploads\/2026\/02\/Services-pour-les-familles-La-Villa-Le-Bourget.webp\" data-width=\"1920\" data-height=\"1280\" aria-label=\"Chambre familiale lumineuse avec deux lits simples et d\u00e9coration chaleureuse\" role=\"img\" ><\/div>\n\t\t\t\t\t\t\t\t\t\t\t<div class=\"elementor-gallery-item__overlay\"><\/div>\n\t\t\t\t\t\t\t\t\t\t\t\t\t\t<\/a>\n\t\t\t\t\t\t\t<a class=\"e-gallery-item elementor-gallery-item elementor-animated-content\" href=\"https:\/\/www.lavilla-lebourget.com\/wp-content\/uploads\/2026\/02\/Chambre-double-moderne-La-Villa-Le-Bourget.webp\" data-elementor-open-lightbox=\"yes\" data-elementor-lightbox-slideshow=\"a7f4e75\" data-elementor-lightbox-title=\"Chambre double moderne La Villa Le Bourget\" data-elementor-lightbox-description=\"Chambre double moderne et lumineuse a La Villa Le Bourget avec lit confortable, bureau et poutres apparentes.\" data-e-action-hash=\"#elementor-action%3Aaction%3Dlightbox%26settings%3DeyJpZCI6OTgsInVybCI6Imh0dHBzOlwvXC93d3cubGF2aWxsYS1sZWJvdXJnZXQuY29tXC93cC1jb250ZW50XC91cGxvYWRzXC8yMDI2XC8wMlwvQ2hhbWJyZS1kb3VibGUtbW9kZXJuZS1MYS1WaWxsYS1MZS1Cb3VyZ2V0LndlYnAiLCJzbGlkZXNob3ciOiJhN2Y0ZTc1In0%3D\">\n\t\t\t\t\t<div class=\"e-gallery-image elementor-gallery-item__image\" data-thumbnail=\"https:\/\/www.lavilla-lebourget.com\/wp-content\/uploads\/2026\/02\/Chambre-double-moderne-La-Villa-Le-Bourget.webp\" data-width=\"1920\" data-height=\"1280\" aria-label=\"Chambre double avec lit confortable, bureau et poutres apparentes\" role=\"img\" ><\/div>\n\t\t\t\t\t\t\t\t\t\t\t<div class=\"elementor-gallery-item__overlay\"><\/div>\n\t\t\t\t\t\t\t\t\t\t\t\t\t\t<\/a>\n\t\t\t\t\t\t\t<a class=\"e-gallery-item elementor-gallery-item elementor-animated-content\" href=\"https:\/\/www.lavilla-lebourget.com\/wp-content\/uploads\/2026\/02\/Espace-salon-et-bureau-studio-La-Villa-Le-Bourget.webp\" data-elementor-open-lightbox=\"yes\" data-elementor-lightbox-slideshow=\"a7f4e75\" data-elementor-lightbox-title=\"Espace salon et bureau studio La Villa Le Bourget\" data-elementor-lightbox-description=\"Espace salon confortable avec coin bureau a La Villa Le Bourget, concu pour se detendre ou travailler dans un cadre chaleureux.\" data-e-action-hash=\"#elementor-action%3Aaction%3Dlightbox%26settings%3DeyJpZCI6OTcsInVybCI6Imh0dHBzOlwvXC93d3cubGF2aWxsYS1sZWJvdXJnZXQuY29tXC93cC1jb250ZW50XC91cGxvYWRzXC8yMDI2XC8wMlwvRXNwYWNlLXNhbG9uLWV0LWJ1cmVhdS1zdHVkaW8tTGEtVmlsbGEtTGUtQm91cmdldC53ZWJwIiwic2xpZGVzaG93IjoiYTdmNGU3NSJ9\">\n\t\t\t\t\t<div class=\"e-gallery-image elementor-gallery-item__image\" data-thumbnail=\"https:\/\/www.lavilla-lebourget.com\/wp-content\/uploads\/2026\/02\/Espace-salon-et-bureau-studio-La-Villa-Le-Bourget.webp\" data-width=\"1920\" data-height=\"1280\" aria-label=\"Salon avec fauteuils, television murale et bureau en bois\" role=\"img\" ><\/div>\n\t\t\t\t\t\t\t\t\t\t\t<div class=\"elementor-gallery-item__overlay\"><\/div>\n\t\t\t\t\t\t\t\t\t\t\t\t\t\t<\/a>\n\t\t\t\t\t\t\t<a class=\"e-gallery-item elementor-gallery-item elementor-animated-content\" href=\"https:\/\/www.lavilla-lebourget.com\/wp-content\/uploads\/2026\/02\/Kitchenette-equipee-studio-La-Villa-Le-Bourget.webp\" data-elementor-open-lightbox=\"yes\" data-elementor-lightbox-slideshow=\"a7f4e75\" data-elementor-lightbox-title=\"Kitchenette equipee studio La Villa Le Bourget\" data-elementor-lightbox-description=\"Kitchenette enti\u00e8rement \u00e9quip\u00e9e \u00e0 La Villa Le Bourget avec plaques de cuisson, micro-ondes et rangements pour un s\u00e9jour en toute autonomie.\" data-e-action-hash=\"#elementor-action%3Aaction%3Dlightbox%26settings%3DeyJpZCI6OTYsInVybCI6Imh0dHBzOlwvXC93d3cubGF2aWxsYS1sZWJvdXJnZXQuY29tXC93cC1jb250ZW50XC91cGxvYWRzXC8yMDI2XC8wMlwvS2l0Y2hlbmV0dGUtZXF1aXBlZS1zdHVkaW8tTGEtVmlsbGEtTGUtQm91cmdldC53ZWJwIiwic2xpZGVzaG93IjoiYTdmNGU3NSJ9\">\n\t\t\t\t\t<div class=\"e-gallery-image elementor-gallery-item__image\" data-thumbnail=\"https:\/\/www.lavilla-lebourget.com\/wp-content\/uploads\/2026\/02\/Kitchenette-equipee-studio-La-Villa-Le-Bourget.webp\" data-width=\"1920\" data-height=\"1280\" aria-label=\"Kitchenette avec plaques de cuisson, micro-ondes, \u00e9vier et rangements en bois\" role=\"img\" ><\/div>\n\t\t\t\t\t\t\t\t\t\t\t<div class=\"elementor-gallery-item__overlay\"><\/div>\n\t\t\t\t\t\t\t\t\t\t\t\t\t\t<\/a>\n\t\t\t\t\t\t\t<a class=\"e-gallery-item elementor-gallery-item elementor-animated-content\" href=\"https:\/\/www.lavilla-lebourget.com\/wp-content\/uploads\/2026\/02\/AppartHotel-3-Etoiles-au-Coeur-du-Bourget.webp\" data-elementor-open-lightbox=\"yes\" data-elementor-lightbox-slideshow=\"a7f4e75\" data-elementor-lightbox-title=\"Appart&#039;H\u00f4tel 3 \u00c9toiles au C\u0153ur du Bourget\" data-elementor-lightbox-description=\"Chambre double moderne et apaisante avec lit confortable, luminaires design et grandes ouvertures apportant une belle luminosite naturelle.\" data-e-action-hash=\"#elementor-action%3Aaction%3Dlightbox%26settings%3DeyJpZCI6MTgyNiwidXJsIjoiaHR0cHM6XC9cL3d3dy5sYXZpbGxhLWxlYm91cmdldC5jb21cL3dwLWNvbnRlbnRcL3VwbG9hZHNcLzIwMjZcLzAyXC9BcHBhcnRIb3RlbC0zLUV0b2lsZXMtYXUtQ29ldXItZHUtQm91cmdldC53ZWJwIiwic2xpZGVzaG93IjoiYTdmNGU3NSJ9\">\n\t\t\t\t\t<div class=\"e-gallery-image elementor-gallery-item__image\" data-thumbnail=\"https:\/\/www.lavilla-lebourget.com\/wp-content\/uploads\/2026\/02\/AppartHotel-3-Etoiles-au-Coeur-du-Bourget.webp\" data-width=\"1110\" data-height=\"1280\" aria-label=\"Chambre double avec lit confortable, luminaire design et rideaux clairs\" role=\"img\" ><\/div>\n\t\t\t\t\t\t\t\t\t\t\t<div class=\"elementor-gallery-item__overlay\"><\/div>\n\t\t\t\t\t\t\t\t\t\t\t\t\t\t<\/a>\n\t\t\t\t\t\t\t<a class=\"e-gallery-item elementor-gallery-item elementor-animated-content\" href=\"https:\/\/www.lavilla-lebourget.com\/wp-content\/uploads\/2026\/02\/Suites-confortables-aux-portes-de-Paris.webp\" data-elementor-open-lightbox=\"yes\" data-elementor-lightbox-slideshow=\"a7f4e75\" data-elementor-lightbox-title=\"Suites confortables aux portes de Paris\" data-elementor-lightbox-description=\"Espace bureau elegant en bois clair avec chaise et decoration florale, situe dans une suite confortable aux portes de Paris.\" data-e-action-hash=\"#elementor-action%3Aaction%3Dlightbox%26settings%3DeyJpZCI6MTgyNywidXJsIjoiaHR0cHM6XC9cL3d3dy5sYXZpbGxhLWxlYm91cmdldC5jb21cL3dwLWNvbnRlbnRcL3VwbG9hZHNcLzIwMjZcLzAyXC9TdWl0ZXMtY29uZm9ydGFibGVzLWF1eC1wb3J0ZXMtZGUtUGFyaXMud2VicCIsInNsaWRlc2hvdyI6ImE3ZjRlNzUifQ%3D%3D\">\n\t\t\t\t\t<div class=\"e-gallery-image elementor-gallery-item__image\" data-thumbnail=\"https:\/\/www.lavilla-lebourget.com\/wp-content\/uploads\/2026\/02\/Suites-confortables-aux-portes-de-Paris.webp\" data-width=\"1280\" data-height=\"1281\" aria-label=\"Coin bureau en bois avec chaise et fleurs dans une suite lumineuse\" role=\"img\" ><\/div>\n\t\t\t\t\t\t\t\t\t\t\t<div class=\"elementor-gallery-item__overlay\"><\/div>\n\t\t\t\t\t\t\t\t\t\t\t\t\t\t<\/a>\n\t\t\t\t\t<\/div>\n\t\t\t\t\t<\/div>\n\t\t\t\t\t<\/div>\n\t\t\t\t<\/div>\n\t\t\t\t<\/div>\n\t\t","protected":false},"excerpt":{"rendered":"<p>Galerie photos de La Villa Le Bourget<\/p>\n","protected":false},"author":1,"featured_media":654,"parent":0,"menu_order":0,"comment_status":"closed","ping_status":"closed","template":"","meta":{"_acf_changed":false,"footnotes":""},"class_list":["post-2290","page","type-page","status-publish","has-post-thumbnail","hentry"],"acf":[],"_links":{"self":[{"href":"https:\/\/www.lavilla-lebourget.com\/en\/wp-json\/wp\/v2\/pages\/2290","targetHints":{"allow":["GET"]}}],"collection":[{"href":"https:\/\/www.lavilla-lebourget.com\/en\/wp-json\/wp\/v2\/pages"}],"about":[{"href":"https:\/\/www.lavilla-lebourget.com\/en\/wp-json\/wp\/v2\/types\/page"}],"author":[{"embeddable":true,"href":"https:\/\/www.lavilla-lebourget.com\/en\/wp-json\/wp\/v2\/users\/1"}],"replies":[{"embeddable":true,"href":"https:\/\/www.lavilla-lebourget.com\/en\/wp-json\/wp\/v2\/comments?post=2290"}],"version-history":[{"count":1,"href":"https:\/\/www.lavilla-lebourget.com\/en\/wp-json\/wp\/v2\/pages\/2290\/revisions"}],"predecessor-version":[{"id":2344,"href":"https:\/\/www.lavilla-lebourget.com\/en\/wp-json\/wp\/v2\/pages\/2290\/revisions\/2344"}],"wp:featuredmedia":[{"embeddable":true,"href":"https:\/\/www.lavilla-lebourget.com\/en\/wp-json\/wp\/v2\/media\/654"}],"wp:attachment":[{"href":"https:\/\/www.lavilla-lebourget.com\/en\/wp-json\/wp\/v2\/media?parent=2290"}],"curies":[{"name":"wp","href":"https:\/\/api.w.org\/{rel}","templated":true}]}}