{"id":2282,"date":"2026-02-04T16:15:45","date_gmt":"2026-02-04T15:15:45","guid":{"rendered":"https:\/\/www2.lavilla-lebourget.com\/offres-en\/"},"modified":"2026-03-11T22:17:34","modified_gmt":"2026-03-11T21:17:34","slug":"offers","status":"publish","type":"page","link":"https:\/\/www.lavilla-lebourget.com\/en\/offers\/","title":{"rendered":"Offers"},"content":{"rendered":"\t\t<div data-elementor-type=\"wp-page\" data-elementor-id=\"2282\" class=\"elementor elementor-2282 elementor-46\" data-elementor-post-type=\"page\">\n\t\t\t\t<div data-dce-background-overlay-color=\"#000000\" data-dce-background-image-url=\"https:\/\/www.lavilla-lebourget.com\/wp-content\/uploads\/2026\/02\/Studio-avec-kitchenette-Appart-Hotel-La-Villa-Le-Bourget.webp\" class=\"elementor-element elementor-element-b31418a e-con-full e-flex e-con e-parent\" data-id=\"b31418a\" data-element_type=\"container\" data-e-type=\"container\" data-settings=\"{&quot;background_background&quot;:&quot;classic&quot;}\">\n\t\t\t\t<div class=\"elementor-element elementor-element-b01740e elementor-widget elementor-widget-heading\" data-id=\"b01740e\" data-element_type=\"widget\" data-e-type=\"widget\" data-widget_type=\"heading.default\">\n\t\t\t\t\t<span class=\"elementor-heading-title elementor-size-default\">Offers<\/span>\t\t\t\t<\/div>\n\t\t\t\t<\/div>\n\t\t<div class=\"elementor-element elementor-element-01be788 e-flex e-con-boxed e-con e-parent\" data-id=\"01be788\" data-element_type=\"container\" data-e-type=\"container\" data-settings=\"{&quot;background_background&quot;:&quot;classic&quot;}\">\n\t\t\t\t\t<div class=\"e-con-inner\">\n\t\t\t\t<div class=\"elementor-element elementor-element-ee6c9aa elementor-widget elementor-widget-heading\" data-id=\"ee6c9aa\" data-element_type=\"widget\" data-e-type=\"widget\" data-widget_type=\"heading.default\">\n\t\t\t\t\t<h1 class=\"elementor-heading-title elementor-size-default\">Special Offers at La Villa Le Bourget<\/h1>\t\t\t\t<\/div>\n\t\t\t\t<div class=\"elementor-element elementor-element-4eda3ec elementor-widget__width-initial elementor-widget-laptop__width-initial elementor-widget-tablet__width-initial elementor-widget-mobile__width-inherit elementor-widget elementor-widget-text-editor\" data-id=\"4eda3ec\" data-element_type=\"widget\" data-e-type=\"widget\" data-widget_type=\"text-editor.default\">\n\t\t\t\t\t\t\t\t\t<p>Discover our special offers for an even more rewarding stay at <strong>La Villa Le Bourget<\/strong>, your 3-star apart&#8217;hotel near <strong>Paris-Le Bourget Airport<\/strong>. Direct booking, flexibility and preferential rates guaranteed!<\/p>\t\t\t\t\t\t\t\t<\/div>\n\t\t\t\t<div class=\"elementor-element elementor-element-1c97d5b elementor-grid-3 elementor-widget__width-initial elementor-widget-laptop__width-inherit elementor-grid-tablet-2 elementor-grid-mobile-1 elementor-widget elementor-widget-loop-grid\" data-id=\"1c97d5b\" data-element_type=\"widget\" data-e-type=\"widget\" data-settings=\"{&quot;template_id&quot;:2437,&quot;columns&quot;:3,&quot;row_gap&quot;:{&quot;unit&quot;:&quot;px&quot;,&quot;size&quot;:25,&quot;sizes&quot;:[]},&quot;row_gap_mobile&quot;:{&quot;unit&quot;:&quot;px&quot;,&quot;size&quot;:30,&quot;sizes&quot;:[]},&quot;_skin&quot;:&quot;post&quot;,&quot;columns_tablet&quot;:&quot;2&quot;,&quot;columns_mobile&quot;:&quot;1&quot;,&quot;edit_handle_selector&quot;:&quot;[data-elementor-type=\\&quot;loop-item\\&quot;]&quot;,&quot;row_gap_widescreen&quot;:{&quot;unit&quot;:&quot;px&quot;,&quot;size&quot;:&quot;&quot;,&quot;sizes&quot;:[]},&quot;row_gap_laptop&quot;:{&quot;unit&quot;:&quot;px&quot;,&quot;size&quot;:&quot;&quot;,&quot;sizes&quot;:[]},&quot;row_gap_tablet&quot;:{&quot;unit&quot;:&quot;px&quot;,&quot;size&quot;:&quot;&quot;,&quot;sizes&quot;:[]}}\" data-widget_type=\"loop-grid.post\">\n\t\t\t\t<div class=\"elementor-widget-container\">\n\t\t\t\t\t\t\t<div class=\"elementor-loop-container elementor-grid\" role=\"list\">\n\t\t<style id=\"loop-dynamic-2437\">.e-loop-item-2299 .elementor-element.elementor-element-3fa9d92:not(.elementor-motion-effects-element-type-background), .e-loop-item-2299 .elementor-element.elementor-element-3fa9d92 > .elementor-motion-effects-container > .elementor-motion-effects-layer{background-image:url(\"https:\/\/www.lavilla-lebourget.com\/wp-content\/uploads\/2026\/02\/Espace-salon-et-bureau-studio-La-Villa-Le-Bourget.webp\");}<\/style><style id=\"loop-2437\">.elementor-2437 .elementor-element.elementor-element-13714754{--display:flex;--flex-direction:column;--container-widget-width:100%;--container-widget-height:initial;--container-widget-flex-grow:0;--container-widget-align-self:initial;--flex-wrap-mobile:wrap;--gap:0px 0px;--row-gap:0px;--column-gap:0px;--padding-top:0px;--padding-bottom:0px;--padding-left:0px;--padding-right:0px;}.elementor-2437 .elementor-element.elementor-element-3fa9d92{--display:flex;--min-height:300px;--border-radius:20px 20px 0px 0px;--padding-top:0px;--padding-bottom:0px;--padding-left:0px;--padding-right:0px;}.elementor-2437 .elementor-element.elementor-element-3fa9d92:not(.elementor-motion-effects-element-type-background), .elementor-2437 .elementor-element.elementor-element-3fa9d92 > .elementor-motion-effects-container > .elementor-motion-effects-layer{background-repeat:no-repeat;background-size:cover;}.elementor-2437 .elementor-element.elementor-element-3956d9a8{--display:flex;--gap:0px 0px;--row-gap:0px;--column-gap:0px;border-style:solid;--border-style:solid;border-width:1px 1px 1px 1px;--border-top-width:1px;--border-right-width:1px;--border-bottom-width:1px;--border-left-width:1px;border-color:var( --e-global-color-accent );--border-color:var( --e-global-color-accent );--border-radius:0px 0px 20px 20px;--padding-top:5%;--padding-bottom:5%;--padding-left:5%;--padding-right:5%;}.elementor-2437 .elementor-element.elementor-element-3956d9a8:not(.elementor-motion-effects-element-type-background), .elementor-2437 .elementor-element.elementor-element-3956d9a8 > .elementor-motion-effects-container > .elementor-motion-effects-layer{background-color:var( --e-global-color-ae1b344 );}.elementor-widget-heading .elementor-heading-title{font-family:var( --e-global-typography-primary-font-family ), Sans-serif;font-weight:var( --e-global-typography-primary-font-weight );color:var( --e-global-color-primary );}.elementor-2437 .elementor-element.elementor-element-62442d95{text-align:center;margin:0px 0px calc(var(--kit-widget-spacing, 0px) + 10px) 0px;padding:0px 0px 0px 0px;}.elementor-2437 .elementor-element.elementor-element-62442d95 .elementor-heading-title{font-family:var( --e-global-typography-b0bff2b-font-family ), Sans-serif;font-size:var( --e-global-typography-b0bff2b-font-size );font-weight:var( --e-global-typography-b0bff2b-font-weight );text-transform:var( --e-global-typography-b0bff2b-text-transform );line-height:var( --e-global-typography-b0bff2b-line-height );letter-spacing:var( --e-global-typography-b0bff2b-letter-spacing );word-spacing:var( --e-global-typography-b0bff2b-word-spacing );}.elementor-2437 .elementor-element.elementor-element-7b89e7a{text-align:center;margin:0px 0px calc(var(--kit-widget-spacing, 0px) + 10px) 0px;}.elementor-2437 .elementor-element.elementor-element-7b89e7a .elementor-heading-title{font-family:var( --e-global-typography-5fc1b85-font-family ), Sans-serif;font-size:var( --e-global-typography-5fc1b85-font-size );font-weight:var( --e-global-typography-5fc1b85-font-weight );text-transform:var( --e-global-typography-5fc1b85-text-transform );line-height:var( --e-global-typography-5fc1b85-line-height );letter-spacing:var( --e-global-typography-5fc1b85-letter-spacing );word-spacing:var( --e-global-typography-5fc1b85-word-spacing );color:var( --e-global-color-text );}.elementor-widget-button .elementor-button{font-family:var( --e-global-typography-accent-font-family ), Sans-serif;font-size:var( --e-global-typography-accent-font-size );font-weight:var( --e-global-typography-accent-font-weight );text-transform:var( --e-global-typography-accent-text-transform );line-height:var( --e-global-typography-accent-line-height );letter-spacing:var( --e-global-typography-accent-letter-spacing );background-color:var( --e-global-color-accent );}.elementor-2437 .elementor-element.elementor-element-4db71a40 .elementor-button{font-family:var( --e-global-typography-accent-font-family ), Sans-serif;font-size:var( --e-global-typography-accent-font-size );font-weight:var( --e-global-typography-accent-font-weight );text-transform:var( --e-global-typography-accent-text-transform );line-height:var( --e-global-typography-accent-line-height );letter-spacing:var( --e-global-typography-accent-letter-spacing );fill:var( --e-global-color-ae1b344 );color:var( --e-global-color-ae1b344 );transition-duration:0.7s;border-style:solid;border-width:1px 1px 1px 1px;border-color:var( --e-global-color-accent );border-radius:30px 30px 30px 30px;padding:12px 30px 12px 30px;}.elementor-2437 .elementor-element.elementor-element-4db71a40 .elementor-button:hover, .elementor-2437 .elementor-element.elementor-element-4db71a40 .elementor-button:focus{color:var( --e-global-color-primary );background-color:var( --e-global-color-ae1b344 );border-color:var( --e-global-color-primary );}.elementor-2437 .elementor-element.elementor-element-4db71a40 .elementor-button:hover svg, .elementor-2437 .elementor-element.elementor-element-4db71a40 .elementor-button:focus svg{fill:var( --e-global-color-primary );}.elementor-2437 .elementor-element.elementor-element-4db71a40.elementor-element{--align-self:center;}@media(min-width:2400px){.elementor-2437 .elementor-element.elementor-element-62442d95 .elementor-heading-title{font-size:var( --e-global-typography-b0bff2b-font-size );line-height:var( --e-global-typography-b0bff2b-line-height );letter-spacing:var( --e-global-typography-b0bff2b-letter-spacing );word-spacing:var( --e-global-typography-b0bff2b-word-spacing );}.elementor-2437 .elementor-element.elementor-element-7b89e7a .elementor-heading-title{font-size:var( --e-global-typography-5fc1b85-font-size );line-height:var( --e-global-typography-5fc1b85-line-height );letter-spacing:var( --e-global-typography-5fc1b85-letter-spacing );word-spacing:var( --e-global-typography-5fc1b85-word-spacing );}.elementor-widget-button .elementor-button{font-size:var( --e-global-typography-accent-font-size );line-height:var( --e-global-typography-accent-line-height );letter-spacing:var( --e-global-typography-accent-letter-spacing );}.elementor-2437 .elementor-element.elementor-element-4db71a40 .elementor-button{font-size:var( --e-global-typography-accent-font-size );line-height:var( --e-global-typography-accent-line-height );letter-spacing:var( --e-global-typography-accent-letter-spacing );}}@media(max-width:1366px){.elementor-2437 .elementor-element.elementor-element-3fa9d92{--min-height:250px;}.elementor-2437 .elementor-element.elementor-element-62442d95 .elementor-heading-title{font-size:var( --e-global-typography-b0bff2b-font-size );line-height:var( --e-global-typography-b0bff2b-line-height );letter-spacing:var( --e-global-typography-b0bff2b-letter-spacing );word-spacing:var( --e-global-typography-b0bff2b-word-spacing );}.elementor-2437 .elementor-element.elementor-element-7b89e7a .elementor-heading-title{font-size:var( --e-global-typography-5fc1b85-font-size );line-height:var( --e-global-typography-5fc1b85-line-height );letter-spacing:var( --e-global-typography-5fc1b85-letter-spacing );word-spacing:var( --e-global-typography-5fc1b85-word-spacing );}.elementor-widget-button .elementor-button{font-size:var( --e-global-typography-accent-font-size );line-height:var( --e-global-typography-accent-line-height );letter-spacing:var( --e-global-typography-accent-letter-spacing );}.elementor-2437 .elementor-element.elementor-element-4db71a40 .elementor-button{font-size:var( --e-global-typography-accent-font-size );line-height:var( --e-global-typography-accent-line-height );letter-spacing:var( --e-global-typography-accent-letter-spacing );}}@media(max-width:1024px){.elementor-2437 .elementor-element.elementor-element-62442d95 .elementor-heading-title{font-size:var( --e-global-typography-b0bff2b-font-size );line-height:var( --e-global-typography-b0bff2b-line-height );letter-spacing:var( --e-global-typography-b0bff2b-letter-spacing );word-spacing:var( --e-global-typography-b0bff2b-word-spacing );}.elementor-2437 .elementor-element.elementor-element-7b89e7a .elementor-heading-title{font-size:var( --e-global-typography-5fc1b85-font-size );line-height:var( --e-global-typography-5fc1b85-line-height );letter-spacing:var( --e-global-typography-5fc1b85-letter-spacing );word-spacing:var( --e-global-typography-5fc1b85-word-spacing );}.elementor-widget-button .elementor-button{font-size:var( --e-global-typography-accent-font-size );line-height:var( --e-global-typography-accent-line-height );letter-spacing:var( --e-global-typography-accent-letter-spacing );}.elementor-2437 .elementor-element.elementor-element-4db71a40 .elementor-button{font-size:var( --e-global-typography-accent-font-size );line-height:var( --e-global-typography-accent-line-height );letter-spacing:var( --e-global-typography-accent-letter-spacing );}}@media(max-width:767px){.elementor-2437 .elementor-element.elementor-element-62442d95 .elementor-heading-title{font-size:var( --e-global-typography-b0bff2b-font-size );line-height:var( --e-global-typography-b0bff2b-line-height );letter-spacing:var( --e-global-typography-b0bff2b-letter-spacing );word-spacing:var( --e-global-typography-b0bff2b-word-spacing );}.elementor-2437 .elementor-element.elementor-element-7b89e7a .elementor-heading-title{font-size:var( --e-global-typography-5fc1b85-font-size );line-height:var( --e-global-typography-5fc1b85-line-height );letter-spacing:var( --e-global-typography-5fc1b85-letter-spacing );word-spacing:var( --e-global-typography-5fc1b85-word-spacing );}.elementor-widget-button .elementor-button{font-size:var( --e-global-typography-accent-font-size );line-height:var( --e-global-typography-accent-line-height );letter-spacing:var( --e-global-typography-accent-letter-spacing );}.elementor-2437 .elementor-element.elementor-element-4db71a40 .elementor-button{font-size:var( --e-global-typography-accent-font-size );line-height:var( --e-global-typography-accent-line-height );letter-spacing:var( --e-global-typography-accent-letter-spacing );}}<\/style>\t\t<div data-elementor-type=\"loop-item\" data-elementor-id=\"2437\" class=\"elementor elementor-2437 elementor-bc-flex-widget e-loop-item e-loop-item-2299 post-2299 offers type-offers status-publish has-post-thumbnail hentry\" data-elementor-post-type=\"elementor_library\" data-custom-edit-handle=\"1\">\n\t\t\t<div class=\"elementor-element elementor-element-13714754 e-con-full e-flex e-con e-parent\" data-id=\"13714754\" data-element_type=\"container\" data-e-type=\"container\">\n\t\t<a data-dce-background-image-url=\"https:\/\/www.lavilla-lebourget.com\/wp-content\/uploads\/2026\/02\/Espace-salon-et-bureau-studio-La-Villa-Le-Bourget.webp\" class=\"elementor-element elementor-element-3fa9d92 e-con-full e-flex e-con e-child\" data-id=\"3fa9d92\" data-element_type=\"container\" data-e-type=\"container\" data-settings=\"{&quot;background_background&quot;:&quot;classic&quot;}\" href=\"https:\/\/www.lavilla-lebourget.com\/en\/offers\/best-rate-guaranteed\/\">\n\t\t\t\t<\/a>\n\t\t<div class=\"elementor-element elementor-element-3956d9a8 e-con-full e-flex e-con e-child\" data-id=\"3956d9a8\" data-element_type=\"container\" data-e-type=\"container\" data-settings=\"{&quot;background_background&quot;:&quot;classic&quot;}\">\n\t\t\t\t<div class=\"elementor-element elementor-element-62442d95 elementor-widget elementor-widget-heading\" data-id=\"62442d95\" data-element_type=\"widget\" data-e-type=\"widget\" data-widget_type=\"heading.default\">\n\t\t\t\t\t<h3 class=\"elementor-heading-title elementor-size-default\"><a href=\"https:\/\/www.lavilla-lebourget.com\/en\/offers\/best-rate-guaranteed\/\">Best Rate Guaranteed<\/a><\/h3>\t\t\t\t<\/div>\n\t\t\t\t<div class=\"elementor-element elementor-element-7b89e7a elementor-widget elementor-widget-heading\" data-id=\"7b89e7a\" data-element_type=\"widget\" data-e-type=\"widget\" data-widget_type=\"heading.default\">\n\t\t\t\t\t<span class=\"elementor-heading-title elementor-size-default\">Book directly on our official website and pay less than anywhere else<\/span>\t\t\t\t<\/div>\n\t\t\t\t<div class=\"elementor-element elementor-element-4db71a40 elementor-widget elementor-widget-button\" data-id=\"4db71a40\" data-element_type=\"widget\" data-e-type=\"widget\" data-widget_type=\"button.default\">\n\t\t\t\t\t\t\t\t\t\t<a class=\"elementor-button elementor-button-link elementor-size-sm\" href=\"https:\/\/www.lavilla-lebourget.com\/en\/offers\/best-rate-guaranteed\/\">\n\t\t\t\t\t\t<span class=\"elementor-button-content-wrapper\">\n\t\t\t\t\t\t\t\t\t<span class=\"elementor-button-text\">Discover the offer<\/span>\n\t\t\t\t\t<\/span>\n\t\t\t\t\t<\/a>\n\t\t\t\t\t\t\t\t<\/div>\n\t\t\t\t<\/div>\n\t\t\t\t<\/div>\n\t\t\t\t<\/div>\n\t\t<style id=\"loop-dynamic-2437\">.e-loop-item-2300 .elementor-element.elementor-element-3fa9d92:not(.elementor-motion-effects-element-type-background), .e-loop-item-2300 .elementor-element.elementor-element-3fa9d92 > .elementor-motion-effects-container > .elementor-motion-effects-layer{background-image:url(\"https:\/\/www.lavilla-lebourget.com\/wp-content\/uploads\/2026\/02\/Chambre-double-moderne-La-Villa-Le-Bourget.webp\");}<\/style>\t\t<div data-elementor-type=\"loop-item\" data-elementor-id=\"2437\" class=\"elementor elementor-2437 elementor-bc-flex-widget e-loop-item e-loop-item-2300 post-2300 offers type-offers status-publish has-post-thumbnail hentry\" data-elementor-post-type=\"elementor_library\" data-custom-edit-handle=\"1\">\n\t\t\t<div class=\"elementor-element elementor-element-13714754 e-con-full e-flex e-con e-parent\" data-id=\"13714754\" data-element_type=\"container\" data-e-type=\"container\">\n\t\t<a data-dce-background-image-url=\"https:\/\/www.lavilla-lebourget.com\/wp-content\/uploads\/2026\/02\/Chambre-double-moderne-La-Villa-Le-Bourget.webp\" class=\"elementor-element elementor-element-3fa9d92 e-con-full e-flex e-con e-child\" data-id=\"3fa9d92\" data-element_type=\"container\" data-e-type=\"container\" data-settings=\"{&quot;background_background&quot;:&quot;classic&quot;}\" href=\"https:\/\/www.lavilla-lebourget.com\/en\/offers\/long-stay-offer\/\">\n\t\t\t\t<\/a>\n\t\t<div class=\"elementor-element elementor-element-3956d9a8 e-con-full e-flex e-con e-child\" data-id=\"3956d9a8\" data-element_type=\"container\" data-e-type=\"container\" data-settings=\"{&quot;background_background&quot;:&quot;classic&quot;}\">\n\t\t\t\t<div class=\"elementor-element elementor-element-62442d95 elementor-widget elementor-widget-heading\" data-id=\"62442d95\" data-element_type=\"widget\" data-e-type=\"widget\" data-widget_type=\"heading.default\">\n\t\t\t\t\t<h3 class=\"elementor-heading-title elementor-size-default\"><a href=\"https:\/\/www.lavilla-lebourget.com\/en\/offers\/long-stay-offer\/\">Long Stay Offer<\/a><\/h3>\t\t\t\t<\/div>\n\t\t\t\t<div class=\"elementor-element elementor-element-7b89e7a elementor-widget elementor-widget-heading\" data-id=\"7b89e7a\" data-element_type=\"widget\" data-e-type=\"widget\" data-widget_type=\"heading.default\">\n\t\t\t\t\t<span class=\"elementor-heading-title elementor-size-default\">Stay 7 nights or more and enjoy preferential rates<\/span>\t\t\t\t<\/div>\n\t\t\t\t<div class=\"elementor-element elementor-element-4db71a40 elementor-widget elementor-widget-button\" data-id=\"4db71a40\" data-element_type=\"widget\" data-e-type=\"widget\" data-widget_type=\"button.default\">\n\t\t\t\t\t\t\t\t\t\t<a class=\"elementor-button elementor-button-link elementor-size-sm\" href=\"https:\/\/www.lavilla-lebourget.com\/en\/offers\/long-stay-offer\/\">\n\t\t\t\t\t\t<span class=\"elementor-button-content-wrapper\">\n\t\t\t\t\t\t\t\t\t<span class=\"elementor-button-text\">Discover the offer<\/span>\n\t\t\t\t\t<\/span>\n\t\t\t\t\t<\/a>\n\t\t\t\t\t\t\t\t<\/div>\n\t\t\t\t<\/div>\n\t\t\t\t<\/div>\n\t\t\t\t<\/div>\n\t\t<style id=\"loop-dynamic-2437\">.e-loop-item-2301 .elementor-element.elementor-element-3fa9d92:not(.elementor-motion-effects-element-type-background), .e-loop-item-2301 .elementor-element.elementor-element-3fa9d92 > .elementor-motion-effects-container > .elementor-motion-effects-layer{background-image:url(\"https:\/\/www.lavilla-lebourget.com\/wp-content\/uploads\/2026\/02\/villepinte-la-villa-le-bourget-01.webp\");}<\/style>\t\t<div data-elementor-type=\"loop-item\" data-elementor-id=\"2437\" class=\"elementor elementor-2437 elementor-bc-flex-widget e-loop-item e-loop-item-2301 post-2301 offers type-offers status-publish has-post-thumbnail hentry\" data-elementor-post-type=\"elementor_library\" data-custom-edit-handle=\"1\">\n\t\t\t<div class=\"elementor-element elementor-element-13714754 e-con-full e-flex e-con e-parent\" data-id=\"13714754\" data-element_type=\"container\" data-e-type=\"container\">\n\t\t<a data-dce-background-image-url=\"https:\/\/www.lavilla-lebourget.com\/wp-content\/uploads\/2026\/02\/villepinte-la-villa-le-bourget-01.webp\" class=\"elementor-element elementor-element-3fa9d92 e-con-full e-flex e-con e-child\" data-id=\"3fa9d92\" data-element_type=\"container\" data-e-type=\"container\" data-settings=\"{&quot;background_background&quot;:&quot;classic&quot;}\" href=\"https:\/\/www.lavilla-lebourget.com\/en\/offers\/trade-show-offer\/\">\n\t\t\t\t<\/a>\n\t\t<div class=\"elementor-element elementor-element-3956d9a8 e-con-full e-flex e-con e-child\" data-id=\"3956d9a8\" data-element_type=\"container\" data-e-type=\"container\" data-settings=\"{&quot;background_background&quot;:&quot;classic&quot;}\">\n\t\t\t\t<div class=\"elementor-element elementor-element-62442d95 elementor-widget elementor-widget-heading\" data-id=\"62442d95\" data-element_type=\"widget\" data-e-type=\"widget\" data-widget_type=\"heading.default\">\n\t\t\t\t\t<h3 class=\"elementor-heading-title elementor-size-default\"><a href=\"https:\/\/www.lavilla-lebourget.com\/en\/offers\/trade-show-offer\/\">Trade Show Offer<\/a><\/h3>\t\t\t\t<\/div>\n\t\t\t\t<div class=\"elementor-element elementor-element-7b89e7a elementor-widget elementor-widget-heading\" data-id=\"7b89e7a\" data-element_type=\"widget\" data-e-type=\"widget\" data-widget_type=\"heading.default\">\n\t\t\t\t\t<span class=\"elementor-heading-title elementor-size-default\">Ideal accommodation for exhibitors and visitors at the Villepinte trade shows<\/span>\t\t\t\t<\/div>\n\t\t\t\t<div class=\"elementor-element elementor-element-4db71a40 elementor-widget elementor-widget-button\" data-id=\"4db71a40\" data-element_type=\"widget\" data-e-type=\"widget\" data-widget_type=\"button.default\">\n\t\t\t\t\t\t\t\t\t\t<a class=\"elementor-button elementor-button-link elementor-size-sm\" href=\"https:\/\/www.lavilla-lebourget.com\/en\/offers\/trade-show-offer\/\">\n\t\t\t\t\t\t<span class=\"elementor-button-content-wrapper\">\n\t\t\t\t\t\t\t\t\t<span class=\"elementor-button-text\">Discover the offer<\/span>\n\t\t\t\t\t<\/span>\n\t\t\t\t\t<\/a>\n\t\t\t\t\t\t\t\t<\/div>\n\t\t\t\t<\/div>\n\t\t\t\t<\/div>\n\t\t\t\t<\/div>\n\t\t\t\t<\/div>\n\t\t\n\t\t\t\t\t\t<\/div>\n\t\t\t\t<\/div>\n\t\t\t\t\t<\/div>\n\t\t\t\t<\/div>\n\t\t\t\t<\/div>\n\t\t","protected":false},"excerpt":{"rendered":"<p>Offres sp\u00e9ciales de La Villa Le Bourget D\u00e9couvrez nos offres sp\u00e9ciales pour un s\u00e9jour encore plus avantageux \u00e0 La Villa Le Bourget, votre appart h\u00f4tel 3 \u00e9toiles pr\u00e8s de l&#8217;a\u00e9roport Paris-Le Bourget. R\u00e9servation directe, flexibilit\u00e9 et tarifs pr\u00e9f\u00e9rentiels au rendez-vous\u202f!<\/p>\n","protected":false},"author":1,"featured_media":1325,"parent":0,"menu_order":0,"comment_status":"closed","ping_status":"closed","template":"","meta":{"_acf_changed":false,"footnotes":""},"class_list":["post-2282","page","type-page","status-publish","has-post-thumbnail","hentry"],"acf":[],"_links":{"self":[{"href":"https:\/\/www.lavilla-lebourget.com\/en\/wp-json\/wp\/v2\/pages\/2282","targetHints":{"allow":["GET"]}}],"collection":[{"href":"https:\/\/www.lavilla-lebourget.com\/en\/wp-json\/wp\/v2\/pages"}],"about":[{"href":"https:\/\/www.lavilla-lebourget.com\/en\/wp-json\/wp\/v2\/types\/page"}],"author":[{"embeddable":true,"href":"https:\/\/www.lavilla-lebourget.com\/en\/wp-json\/wp\/v2\/users\/1"}],"replies":[{"embeddable":true,"href":"https:\/\/www.lavilla-lebourget.com\/en\/wp-json\/wp\/v2\/comments?post=2282"}],"version-history":[{"count":1,"href":"https:\/\/www.lavilla-lebourget.com\/en\/wp-json\/wp\/v2\/pages\/2282\/revisions"}],"predecessor-version":[{"id":2333,"href":"https:\/\/www.lavilla-lebourget.com\/en\/wp-json\/wp\/v2\/pages\/2282\/revisions\/2333"}],"wp:featuredmedia":[{"embeddable":true,"href":"https:\/\/www.lavilla-lebourget.com\/en\/wp-json\/wp\/v2\/media\/1325"}],"wp:attachment":[{"href":"https:\/\/www.lavilla-lebourget.com\/en\/wp-json\/wp\/v2\/media?parent=2282"}],"curies":[{"name":"wp","href":"https:\/\/api.w.org\/{rel}","templated":true}]}}